{"id":41,"date":"2016-09-02T15:32:15","date_gmt":"2016-09-02T15:32:15","guid":{"rendered":"http:\/\/muhr-scheidemandel.at\/?page_id=41"},"modified":"2016-12-23T05:31:07","modified_gmt":"2016-12-23T05:31:07","slug":"impressum","status":"publish","type":"page","link":"http:\/\/muhr-scheidemandel.at\/?page_id=41","title":{"rendered":"Impressum"},"content":{"rendered":"<p><strong>Muhr + Scheidemandel ARCHITEKTEN ZT OG<\/strong><br \/>\nBreite Gasse 14, A-1070 Wien<br \/>\n<a href=\"&#x6d;&#x61;&#105;l&#x74;&#x6f;&#58;of&#x66;&#x69;&#99;e&#x40;&#x6d;&#117;&#104;r&#x2d;&#x73;&#99;h&#x65;&#x69;&#100;&#101;m&#x61;&#x6e;&#100;e&#x6c;&#x2e;&#97;&#116;\">of&#102;&#105;&#99;&#101;&#x40;&#x6d;&#x75;&#x68;&#x72;-s&#99;&#104;&#101;&#105;&#x64;&#x65;&#x6d;&#x61;&#x6e;de&#108;&#46;&#97;&#116;<\/a><br \/>\nFirmenbuchnummer: 361908v<br \/>\nFirmenbuchgericht: HG Wien<br \/>\nUID Nr.: ATU 66266006<\/ br><\/p>\n<p>Die Inhalte auf <a href=\"http:\/\/www.muhr-scheidemandel.at\/\">www.muhr-scheidemandel.at<\/a> werden zur Ansicht im Internet zur Verf\u00fcgung gestellt und k\u00f6nnen f\u00fcr den pers\u00f6nlichen und privaten Gebrauch auch heruntergeladen und kopiert werden. Wenn Sie beabsichtigen, die Inhalte gewerblich oder in anderer Form zu nutzen, verpflichten Sie sich, das Einverst\u00e4ndnis von Muhr + Scheidemandel ARCHITEKTEN ZT OG im Vorhinein einzuholen.<\/ br><\/p>\n<p>Texte und Bilder auf <a href=\"http:\/\/www.muhr-scheidemandel.at\/\">www.muhr-scheidemandel.at<\/a> sind geistiges Eigentum von Muhr + Scheidemandel ARCHITEKTEN ZT OG oder wurden von den jeweiligen Eigent\u00fcmern zur Verf\u00fcgung gestellt und sind somit urheberrechtlich gesch\u00fctzt.<\/ br><\/p>\n<p>Muhr + Scheidemandel ARCHITEKTEN ZT OG \u00fcbernimmt keine Haftung f\u00fcr die Inhalte externer Links. F\u00fcr den Inhalt der verlinkten Seiten sind ausschlie\u00dflich deren Betreiber verantwortlich.<\/p>\n","protected":false},"excerpt":{"rendered":"<p>Muhr + Scheidemandel ARCHITEKTEN ZT OG Breite Gasse 14, A-1070 Wien of&#102;&#105;&#99;&#x65;&#x40;&#x6d;&#x75;&#x68;r-&#115;&#99;&#104;&#x65;&#x69;&#x64;&#x65;&#x6d;an&#100;&#101;&#108;&#x2e;&#x61;&#x74; Firmenbuchnummer: 361908v Firmenbuchgericht: HG Wien UID Nr.: ATU 66266006 Die Inhalte auf www.muhr-scheidemandel.at werden zur Ansicht im Internet zur Verf\u00fcgung gestellt und k\u00f6nnen f\u00fcr den pers\u00f6nlichen und privaten Gebrauch auch heruntergeladen und kopiert werden. Wenn Sie beabsichtigen, die Inhalte gewerblich oder in anderer [&hellip;]<\/p>\n","protected":false},"author":1,"featured_media":0,"parent":0,"menu_order":0,"comment_status":"closed","ping_status":"closed","template":"","meta":{"footnotes":""},"class_list":["post-41","page","type-page","status-publish","hentry"],"_links":{"self":[{"href":"http:\/\/muhr-scheidemandel.at\/index.php?rest_route=\/wp\/v2\/pages\/41","targetHints":{"allow":["GET"]}}],"collection":[{"href":"http:\/\/muhr-scheidemandel.at\/index.php?rest_route=\/wp\/v2\/pages"}],"about":[{"href":"http:\/\/muhr-scheidemandel.at\/index.php?rest_route=\/wp\/v2\/types\/page"}],"author":[{"embeddable":true,"href":"http:\/\/muhr-scheidemandel.at\/index.php?rest_route=\/wp\/v2\/users\/1"}],"replies":[{"embeddable":true,"href":"http:\/\/muhr-scheidemandel.at\/index.php?rest_route=%2Fwp%2Fv2%2Fcomments&post=41"}],"version-history":[{"count":7,"href":"http:\/\/muhr-scheidemandel.at\/index.php?rest_route=\/wp\/v2\/pages\/41\/revisions"}],"predecessor-version":[{"id":201,"href":"http:\/\/muhr-scheidemandel.at\/index.php?rest_route=\/wp\/v2\/pages\/41\/revisions\/201"}],"wp:attachment":[{"href":"http:\/\/muhr-scheidemandel.at\/index.php?rest_route=%2Fwp%2Fv2%2Fmedia&parent=41"}],"curies":[{"name":"wp","href":"https:\/\/api.w.org\/{rel}","templated":true}]}}